{"id":2,"date":"2007-11-26T19:54:02","date_gmt":"2007-11-26T17:54:02","guid":{"rendered":""},"modified":"2020-04-13T17:16:42","modified_gmt":"2020-04-13T15:16:42","slug":"a-propos","status":"publish","type":"page","link":"https:\/\/www.luclamy.net\/blog\/?page_id=2","title":{"rendered":"A propos"},"content":{"rendered":"<p>En attendant le site, je mets en ligne quelques petites choses qui ordonneront la pens\u00e9e et le chantier du site en pr\u00e9paration.<\/p>\n<p>Ce travail se situe dans le champs de l\u2019illustration et du livre en g\u00e9n\u00e9ral.<\/p>\n<p>De la bd  et du cin\u00e9ma restent l\u2019espace narratif, le plaisir de raconter une (des) histoire(s) et de faire des micro-s\u00e9quences.<\/p>\n<p>A partir du monde de l\u2019enfance se d\u00e9veloppent trois axes :<\/p>\n<p><u>Le ludique<\/u> ; le monde du jeu, d\u2019abord celui de l\u2019enfance, puis celui de l\u2019adulte en g\u00e9n\u00e9ral.<\/p>\n<p>D\u2019une enfance et d\u2019une adolescence en Afrique sont rest\u00e9s les jeux faits avec trois fois rien, les moyens n\u2019\u00e9tant pas \u00e9normes l\u00e0 bas, il fallait inventer\u2026 le bricolage et l\u2019imaginaire prenaient le relais.<\/p>\n<p><u>Le cin\u00e9tique<\/u> ; le mouvement, avec ou sans intervention du spectateur.<\/p>\n<p>Dans l\u2019absolu, le spectateur peut (doit) intervenir sur les tableaux, pour changer la disposition des \u00e9l\u00e9ments(billes de boulier, cha\u00eenette d\u2019horloge, rideaux \u2026)<\/p>\n<p>En rapport avec le ludique, j\u2019invite le spectateur \u00e0 imaginer sa propre relation au tableau qui est loin d\u2019\u00eatre un <em>objet sacr\u00e9.<\/em><\/p>\n<p><u>La technique<\/u> ; elle est mixte et sans fronti\u00e8res (photos, vid\u00e9o, dessin, gravure, s\u00e9rigraphie, collages, reports thinner, acrylique, pigments, \u00e9poxy et r\u00e9sines, etc.)<\/p>\n<p>L\u2019enseignement a ouvert de multiples br\u00e8ches dans les techniques et les r\u00e9f\u00e9rences. Les travaux de gens comme Cornell, Tinguely, Calder, Rauschenberg et bien d\u2019autres restent en m\u00e9moire cit\u00e9e.<\/p>\n<p>De plus, en dehors des choses in\u00e9vitablement travaill\u00e9es sur ordinateur les planches ne sont con\u00e7ues qu&rsquo;\u00e0 partir de r\u00e9cup\u00e9ration.<\/p>\n<p>Fonds propres, papiers r\u00e9cup\u00e9r\u00e9s, bo\u00eetes, objets, horlogeries, peintures etc. proviennent de brocantes , de fonds de greniers ou de caves et les seuls commerces fr\u00e9quent\u00e9s sont les quincailleries, les drogueries et les magasins de bricolage.<\/p>\n<p>La couleur ou le noir et blanc reste contrast\u00e9s et en r\u00e9sonance avec les climats d\u2019outremer\u2026<\/p>\n<p>Sous forme de tableaux les \u00ab planches \u00bb, ainsi con\u00e7ues, sont expos\u00e9es en galerie et serviront plus tard \u00e0 l\u2019\u00e9dition, si \u00e9diteur il y a&#8230;<\/p>\n<p>Le livre, provisoirement intitul\u00e9 \u00ab E\u2019ville fragments \u00bb,  se compose de r\u00e9miniscences africaines<\/p>\n<p>Parall\u00e8lement \u00e0 cela, un travail autour du livre et du carnet sculpt\u00e9, creus\u00e9 et autrement habit\u00e9, continue\u2026<\/p>\n","protected":false},"excerpt":{"rendered":"<p>En attendant le site, je mets en ligne quelques petites choses qui ordonneront la pens\u00e9e et le chantier du site en pr\u00e9paration. Ce travail se situe dans le champs de l\u2019illustration et du livre en g\u00e9n\u00e9ral. De la bd et du cin\u00e9ma restent l\u2019espace narratif, le plaisir de raconter une (des) histoire(s) et de faire [&hellip;]<\/p>\n","protected":false},"author":2,"featured_media":0,"parent":0,"menu_order":0,"comment_status":"closed","ping_status":"closed","template":"","meta":{"footnotes":""},"class_list":["post-2","page","type-page","status-publish","hentry"],"_links":{"self":[{"href":"https:\/\/www.luclamy.net\/blog\/index.php?rest_route=\/wp\/v2\/pages\/2","targetHints":{"allow":["GET"]}}],"collection":[{"href":"https:\/\/www.luclamy.net\/blog\/index.php?rest_route=\/wp\/v2\/pages"}],"about":[{"href":"https:\/\/www.luclamy.net\/blog\/index.php?rest_route=\/wp\/v2\/types\/page"}],"author":[{"embeddable":true,"href":"https:\/\/www.luclamy.net\/blog\/index.php?rest_route=\/wp\/v2\/users\/2"}],"replies":[{"embeddable":true,"href":"https:\/\/www.luclamy.net\/blog\/index.php?rest_route=%2Fwp%2Fv2%2Fcomments&post=2"}],"version-history":[{"count":1,"href":"https:\/\/www.luclamy.net\/blog\/index.php?rest_route=\/wp\/v2\/pages\/2\/revisions"}],"predecessor-version":[{"id":12487,"href":"https:\/\/www.luclamy.net\/blog\/index.php?rest_route=\/wp\/v2\/pages\/2\/revisions\/12487"}],"wp:attachment":[{"href":"https:\/\/www.luclamy.net\/blog\/index.php?rest_route=%2Fwp%2Fv2%2Fmedia&parent=2"}],"curies":[{"name":"wp","href":"https:\/\/api.w.org\/{rel}","templated":true}]}}